{"id":468,"date":"2026-02-04T20:56:46","date_gmt":"2026-02-04T19:56:46","guid":{"rendered":"https:\/\/mayfablab.yt\/?page_id=468"},"modified":"2026-02-06T07:51:19","modified_gmt":"2026-02-06T06:51:19","slug":"a-propos-de-nous","status":"publish","type":"page","link":"https:\/\/mayfablab.yt\/index.php\/a-propos-de-nous\/","title":{"rendered":"A PROPOS DE NOUS"},"content":{"rendered":"\n<p>Au MAY FABLAB de M&#8217;tsangamouji, nous croyons que chaque id\u00e9e m\u00e9rite de devenir r\u00e9alit\u00e9. Inaugur\u00e9 en 2025 au Coll\u00e8ge de l&#8217;\u00eele aux parfums, notre laboratoire de fabrication num\u00e9rique est n\u00e9 d&#8217;un constat simple : \u00e0 Mayotte, territoire insulaire o\u00f9 l&#8217;industrie reste quasiment inexistante, trop peu d&#8217;\u00e9l\u00e8ves et de familles connaissent les richesses des fili\u00e8res technologiques et industrielles. Les formations, les m\u00e9tiers, les d\u00e9bouch\u00e9s \u2014 tout un univers de possibles reste souvent dans l&#8217;ombre.<\/p>\n\n\n\n<p>C&#8217;est pour \u00e9clairer ce chemin que MAY FabLab a vu le jour.<\/p>\n\n\n\n<p>Notre philosophie tient en quelques mots : faire pour apprendre, apprendre \u00e0 faire. Dans notre espace \u00e9quip\u00e9 d&#8217;imprimantes 3D, de machines \u00e0 commande num\u00e9rique, de d\u00e9coupe laser et d&#8217;outils de prototypage \u00e9lectronique, les \u00e9l\u00e8ves ne sont pas spectateurs mais acteurs. Ils cr\u00e9ent, modifient, r\u00e9parent et am\u00e9liorent des objets techniques dans un environnement encadr\u00e9 et s\u00e9curis\u00e9. Chaque projet devient l&#8217;occasion de mettre en pratique les connaissances acquises en sciences, en math\u00e9matiques et en ing\u00e9nierie.<\/p>\n\n\n\n<p>Des ateliers th\u00e9matiques pr\u00e9parent \u00e9galement nos \u00e9l\u00e8ves \u00e0 participer \u00e0 diff\u00e9rents concours, les poussant \u00e0 se d\u00e9passer et \u00e0 porter haut les couleurs de Mayotte.<\/p>\n\n\n\n<p>\u00c0 travers MAY FabLab, nous voulons donner aux jeunes de M&#8217;tsangamouji \u2014 et \u00e0 leurs familles \u2014 l&#8217;app\u00e9tence d&#8217;un savoir-faire technique, la fiert\u00e9 de cr\u00e9er de leurs mains, et les cl\u00e9s pour choisir leur avenir en connaissance de cause. Ici, on r\u00eave, on cr\u00e9e, et on fa\u00e7onne ensemble le futur de notre \u00eele.<\/p>\n\n\n\n<p>Pour plus d&#8217;informations, vous pouvez joindre le coll\u00e8ge : <\/p>\n\n\n\n<p>Tel:  0269621502 <\/p>\n\n\n\n<p>Email : clg.mtsangamouji@ac-mayotte.fr <\/p>\n\n\n\n<p>Site : <a href=\"https:\/\/clg-mtsangamouji.ac-mayotte.fr\">https:\/\/clg-mtsangamouji.ac-mayotte.fr<\/a><\/p>\n","protected":false},"excerpt":{"rendered":"<p>Au MAY FABLAB de M&#8217;tsangamouji, nous croyons que chaque id\u00e9e m\u00e9rite de devenir r\u00e9alit\u00e9. Inaugur\u00e9 en 2025 au Coll\u00e8ge de l&#8217;\u00eele aux parfums, notre laboratoire de fabrication num\u00e9rique est n\u00e9 d&#8217;un constat simple : \u00e0 Mayotte, territoire insulaire o\u00f9 l&#8217;industrie reste quasiment inexistante, trop peu d&#8217;\u00e9l\u00e8ves et de familles connaissent les richesses des fili\u00e8res technologiques [&hellip;]<\/p>\n","protected":false},"author":1,"featured_media":0,"parent":0,"menu_order":0,"comment_status":"closed","ping_status":"closed","template":"","meta":{"footnotes":""},"class_list":["post-468","page","type-page","status-publish","hentry"],"_links":{"self":[{"href":"https:\/\/mayfablab.yt\/index.php\/wp-json\/wp\/v2\/pages\/468","targetHints":{"allow":["GET"]}}],"collection":[{"href":"https:\/\/mayfablab.yt\/index.php\/wp-json\/wp\/v2\/pages"}],"about":[{"href":"https:\/\/mayfablab.yt\/index.php\/wp-json\/wp\/v2\/types\/page"}],"author":[{"embeddable":true,"href":"https:\/\/mayfablab.yt\/index.php\/wp-json\/wp\/v2\/users\/1"}],"replies":[{"embeddable":true,"href":"https:\/\/mayfablab.yt\/index.php\/wp-json\/wp\/v2\/comments?post=468"}],"version-history":[{"count":3,"href":"https:\/\/mayfablab.yt\/index.php\/wp-json\/wp\/v2\/pages\/468\/revisions"}],"predecessor-version":[{"id":505,"href":"https:\/\/mayfablab.yt\/index.php\/wp-json\/wp\/v2\/pages\/468\/revisions\/505"}],"wp:attachment":[{"href":"https:\/\/mayfablab.yt\/index.php\/wp-json\/wp\/v2\/media?parent=468"}],"curies":[{"name":"wp","href":"https:\/\/api.w.org\/{rel}","templated":true}]}}