{"id":388,"date":"2025-05-12T09:06:35","date_gmt":"2025-05-12T07:06:35","guid":{"rendered":"https:\/\/mayfablab.yt\/?page_id=388"},"modified":"2026-02-04T21:18:09","modified_gmt":"2026-02-04T20:18:09","slug":"les-4-lumieres-du-progres","status":"publish","type":"page","link":"https:\/\/mayfablab.yt\/index.php\/les-4-lumieres-du-progres\/","title":{"rendered":"La l\u00e9gende des 4 lumi\u00e8res du progr\u00e8s de Mayotte"},"content":{"rendered":"\n<blockquote class=\"wp-block-quote is-layout-flow wp-block-quote-is-layout-flow\">\n<hr class=\"wp-block-separator has-css-opacity is-style-default\"\/>\n\n\n<div class=\"wp-block-image is-style-rounded\">\n<figure class=\"aligncenter size-full is-resized\"><img loading=\"lazy\" decoding=\"async\" width=\"512\" height=\"512\" src=\"http:\/\/mayfablab.yt\/wp-content\/uploads\/2025\/05\/cropped-cropped-20250501_152229_0000.png\" alt=\"\" class=\"wp-image-380\" style=\"width:150px;height:150px\" srcset=\"https:\/\/mayfablab.yt\/wp-content\/uploads\/2025\/05\/cropped-cropped-20250501_152229_0000.png 512w, https:\/\/mayfablab.yt\/wp-content\/uploads\/2025\/05\/cropped-cropped-20250501_152229_0000-300x300.png 300w, https:\/\/mayfablab.yt\/wp-content\/uploads\/2025\/05\/cropped-cropped-20250501_152229_0000-150x150.png 150w, https:\/\/mayfablab.yt\/wp-content\/uploads\/2025\/05\/cropped-cropped-20250501_152229_0000-270x270.png 270w, https:\/\/mayfablab.yt\/wp-content\/uploads\/2025\/05\/cropped-cropped-20250501_152229_0000-192x192.png 192w, https:\/\/mayfablab.yt\/wp-content\/uploads\/2025\/05\/cropped-cropped-20250501_152229_0000-180x180.png 180w, https:\/\/mayfablab.yt\/wp-content\/uploads\/2025\/05\/cropped-cropped-20250501_152229_0000-32x32.png 32w\" sizes=\"auto, (max-width: 512px) 100vw, 512px\" \/><\/figure>\n<\/div>\n\n\n<blockquote class=\"wp-block-quote has-text-align-center is-style-large is-layout-flow wp-block-quote-is-layout-flow\">\n<p>\u00ab\u00a0Une l\u00e9gende vit par la conviction de ceux qui la portent. Portez la v\u00f4tre avec fiert\u00e9. \u00bb<\/p>\n<cite>\u2014 Inconnu<\/cite><\/blockquote>\n\n\n\n<hr class=\"wp-block-separator has-css-opacity is-style-default\"\/>\n<\/blockquote>\n\n\n\n<div class=\"wp-block-columns is-layout-flex wp-container-core-columns-is-layout-9d6595d7 wp-block-columns-is-layout-flex\">\n<div class=\"wp-block-column is-layout-flow wp-block-column-is-layout-flow\">\n<p class=\"has-text-align-center\">Il y a tr\u00e8s longtemps, Mayotte vivait paisiblement, berc\u00e9e par les mar\u00e9es et la lumi\u00e8re des \u00e9toiles. Mais les anciens chuchotaient qu&#8217;un jour, des esprits bienveillants offriraient \u00e0 l&#8217;\u00eele les cl\u00e9s d&#8217;un futur lumineux. Ces esprits furent guid\u00e9s par&nbsp;<strong>Amana, la gardienne des \u00e9toiles<\/strong>, qui, depuis son sommet c\u00e9leste, veillait \u00e0 ce que l&#8217;\u00e9quilibre entre tradition et progr\u00e8s soit respect\u00e9.<\/p>\n<\/div>\n\n\n\n<div class=\"wp-block-column is-layout-flow wp-block-column-is-layout-flow\">\n<figure class=\"wp-block-image size-large\"><img loading=\"lazy\" decoding=\"async\" width=\"1024\" height=\"1024\" src=\"http:\/\/mayfablab.yt\/wp-content\/uploads\/2025\/05\/1745994339737-1024x1024.jpg\" alt=\"\" class=\"wp-image-394\" srcset=\"https:\/\/mayfablab.yt\/wp-content\/uploads\/2025\/05\/1745994339737-1024x1024.jpg 1024w, https:\/\/mayfablab.yt\/wp-content\/uploads\/2025\/05\/1745994339737-300x300.jpg 300w, https:\/\/mayfablab.yt\/wp-content\/uploads\/2025\/05\/1745994339737-150x150.jpg 150w, https:\/\/mayfablab.yt\/wp-content\/uploads\/2025\/05\/1745994339737-768x768.jpg 768w, https:\/\/mayfablab.yt\/wp-content\/uploads\/2025\/05\/1745994339737-1536x1536.jpg 1536w, https:\/\/mayfablab.yt\/wp-content\/uploads\/2025\/05\/1745994339737.jpg 2048w\" sizes=\"auto, (max-width: 1024px) 100vw, 1024px\" \/><\/figure>\n<\/div>\n<\/div>\n\n\n\n<div class=\"wp-block-columns is-layout-flex wp-container-core-columns-is-layout-9d6595d7 wp-block-columns-is-layout-flex\">\n<div class=\"wp-block-column is-layout-flow wp-block-column-is-layout-flow\"><\/div>\n<\/div>\n\n\n\n<div class=\"wp-block-columns is-layout-flex wp-container-core-columns-is-layout-9d6595d7 wp-block-columns-is-layout-flex\">\n<div class=\"wp-block-column is-layout-flow wp-block-column-is-layout-flow\">\n<figure class=\"wp-block-image size-large\"><img loading=\"lazy\" decoding=\"async\" width=\"1024\" height=\"1024\" src=\"https:\/\/mayfablab.yt\/wp-content\/uploads\/2025\/05\/1745994624136-2-1024x1024.jpg\" alt=\"\" class=\"wp-image-397\" srcset=\"https:\/\/mayfablab.yt\/wp-content\/uploads\/2025\/05\/1745994624136-2-1024x1024.jpg 1024w, https:\/\/mayfablab.yt\/wp-content\/uploads\/2025\/05\/1745994624136-2-300x300.jpg 300w, https:\/\/mayfablab.yt\/wp-content\/uploads\/2025\/05\/1745994624136-2-150x150.jpg 150w, https:\/\/mayfablab.yt\/wp-content\/uploads\/2025\/05\/1745994624136-2-768x768.jpg 768w, https:\/\/mayfablab.yt\/wp-content\/uploads\/2025\/05\/1745994624136-2-1536x1536.jpg 1536w, https:\/\/mayfablab.yt\/wp-content\/uploads\/2025\/05\/1745994624136-2.jpg 2048w\" sizes=\"auto, (max-width: 1024px) 100vw, 1024px\" \/><\/figure>\n<\/div>\n\n\n\n<div class=\"wp-block-column is-layout-flow wp-block-column-is-layout-flow\">\n<p class=\"has-text-align-center\"><strong>La premi\u00e8re lumi\u00e8re : L\u2019\u00e9lectricit\u00e9.<\/strong>&nbsp;Un soir,&nbsp;<strong>Amana&nbsp;<\/strong>fit descendre&nbsp;<strong>Tama<\/strong>, l&#8217;esprit du changement, sur l&#8217;\u00eele. Avec lui, il apporta le cadeau de la lumi\u00e8re \u00e9lectrique. Les mahorais d\u00e9couvrirent alors les merveilles d&#8217;un monde illumin\u00e9, o\u00f9 la nuit n\u2019\u00e9tait plus une limite. Mais&nbsp;<strong>Tama&nbsp;<\/strong>avertit : &#8220;Cette premi\u00e8re lumi\u00e8re est fragile, mais il \u00e9clairera vos nuits et prolongera vos r\u00eaves.&#8221;<\/p>\n<\/div>\n<\/div>\n\n\n\n<div class=\"wp-block-columns is-layout-flex wp-container-core-columns-is-layout-9d6595d7 wp-block-columns-is-layout-flex\">\n<div class=\"wp-block-column is-layout-flow wp-block-column-is-layout-flow\">\n<p class=\"has-text-align-center\"><strong>La deuxi\u00e8me lumi\u00e8re : Le haut d\u00e9bit<\/strong>. Des ann\u00e9es plus tard, alors que les Mahorais r\u00eavaient de lier leur \u00eele au reste du monde,&nbsp;<strong>Mayeva, le poisson tisseur des r\u00e9seaux<\/strong>, sortit des profondeurs, convoqu\u00e9 par&nbsp;<strong>Amana.<\/strong>&nbsp;Il tissa un r\u00e9seau invisible, reliant les rivages de Mayotte aux contr\u00e9es lointaines.&nbsp;&#8220;Ces fils sont vos ponts vers la connaissance,&#8221; expliqua&nbsp;<strong>Mayeva<\/strong>, &#8220;et ils rendront vos id\u00e9es infinies.&#8221;<\/p>\n<\/div>\n\n\n\n<div class=\"wp-block-column is-layout-flow wp-block-column-is-layout-flow\">\n<figure class=\"wp-block-image size-large\"><img loading=\"lazy\" decoding=\"async\" width=\"1024\" height=\"1024\" src=\"https:\/\/mayfablab.yt\/wp-content\/uploads\/2025\/05\/1745994812101-1024x1024.jpg\" alt=\"\" class=\"wp-image-398\" srcset=\"https:\/\/mayfablab.yt\/wp-content\/uploads\/2025\/05\/1745994812101-1024x1024.jpg 1024w, https:\/\/mayfablab.yt\/wp-content\/uploads\/2025\/05\/1745994812101-300x300.jpg 300w, https:\/\/mayfablab.yt\/wp-content\/uploads\/2025\/05\/1745994812101-150x150.jpg 150w, https:\/\/mayfablab.yt\/wp-content\/uploads\/2025\/05\/1745994812101-768x768.jpg 768w, https:\/\/mayfablab.yt\/wp-content\/uploads\/2025\/05\/1745994812101-1536x1536.jpg 1536w, https:\/\/mayfablab.yt\/wp-content\/uploads\/2025\/05\/1745994812101.jpg 2048w\" sizes=\"auto, (max-width: 1024px) 100vw, 1024px\" \/><\/figure>\n<\/div>\n<\/div>\n\n\n\n<div class=\"wp-block-columns is-layout-flex wp-container-core-columns-is-layout-9d6595d7 wp-block-columns-is-layout-flex\">\n<div class=\"wp-block-column is-layout-flow wp-block-column-is-layout-flow\" style=\"flex-basis:33.33%\">\n<p class=\"has-text-align-left\"><strong>La troisi\u00e8me lumi\u00e8re : Le rocher des donn\u00e9es, le premier data center de Mayotte<\/strong>. Lorsque les Mahorais commenc\u00e8rent \u00e0 recueillir et \u00e0 partager des tr\u00e9sors num\u00e9riques,&nbsp;<strong>Amana&nbsp;<\/strong>convoqua&nbsp;<strong>Kinga, le g\u00e9ant de pierres<\/strong>, pour leur offrir le rocher des donn\u00e9es. Ce rocher, immense et imposant, devint le sanctuaire o\u00f9 les informations et les souvenirs de l&#8217;\u00eele \u00e9taient prot\u00e9g\u00e9s. &#8220;Je garde vos tr\u00e9sors num\u00e9riques&#8221;, d\u00e9clara&nbsp;<strong>Kinga<\/strong>, &#8220;et je les pr\u00e9serverai pour les g\u00e9n\u00e9rations \u00e0 venir.&#8221;<\/p>\n<\/div>\n\n\n\n<div class=\"wp-block-column is-layout-flow wp-block-column-is-layout-flow\" style=\"flex-basis:66.66%\">\n<figure class=\"wp-block-image size-large\"><img loading=\"lazy\" decoding=\"async\" width=\"1024\" height=\"1024\" src=\"https:\/\/mayfablab.yt\/wp-content\/uploads\/2025\/05\/1745995084530-1024x1024.jpg\" alt=\"\" class=\"wp-image-399\" srcset=\"https:\/\/mayfablab.yt\/wp-content\/uploads\/2025\/05\/1745995084530-1024x1024.jpg 1024w, https:\/\/mayfablab.yt\/wp-content\/uploads\/2025\/05\/1745995084530-300x300.jpg 300w, https:\/\/mayfablab.yt\/wp-content\/uploads\/2025\/05\/1745995084530-150x150.jpg 150w, https:\/\/mayfablab.yt\/wp-content\/uploads\/2025\/05\/1745995084530-768x768.jpg 768w, https:\/\/mayfablab.yt\/wp-content\/uploads\/2025\/05\/1745995084530-1536x1536.jpg 1536w, https:\/\/mayfablab.yt\/wp-content\/uploads\/2025\/05\/1745995084530.jpg 2048w\" sizes=\"auto, (max-width: 1024px) 100vw, 1024px\" \/><\/figure>\n<\/div>\n<\/div>\n\n\n\n<div class=\"wp-block-columns is-layout-flex wp-container-core-columns-is-layout-9d6595d7 wp-block-columns-is-layout-flex\">\n<div class=\"wp-block-column is-layout-flow wp-block-column-is-layout-flow\" style=\"flex-basis:66.66%\">\n<figure class=\"wp-block-image size-large\"><img loading=\"lazy\" decoding=\"async\" width=\"1024\" height=\"1024\" src=\"https:\/\/mayfablab.yt\/wp-content\/uploads\/2025\/05\/1745995222341-1024x1024.jpg\" alt=\"\" class=\"wp-image-400\" srcset=\"https:\/\/mayfablab.yt\/wp-content\/uploads\/2025\/05\/1745995222341-1024x1024.jpg 1024w, https:\/\/mayfablab.yt\/wp-content\/uploads\/2025\/05\/1745995222341-300x300.jpg 300w, https:\/\/mayfablab.yt\/wp-content\/uploads\/2025\/05\/1745995222341-150x150.jpg 150w, https:\/\/mayfablab.yt\/wp-content\/uploads\/2025\/05\/1745995222341-768x768.jpg 768w, https:\/\/mayfablab.yt\/wp-content\/uploads\/2025\/05\/1745995222341-1536x1536.jpg 1536w, https:\/\/mayfablab.yt\/wp-content\/uploads\/2025\/05\/1745995222341.jpg 2048w\" sizes=\"auto, (max-width: 1024px) 100vw, 1024px\" \/><\/figure>\n<\/div>\n\n\n\n<div class=\"wp-block-column is-layout-flow wp-block-column-is-layout-flow\" style=\"flex-basis:33.33%\">\n<p><strong>La quatri\u00e8me lumi\u00e8re : Le premier fablab de Mayotte.<\/strong>&nbsp;Enfin,&nbsp;<strong>Amana&nbsp;<\/strong>pr\u00e9senta&nbsp;<strong>Nyora, l\u2019Artisane des R\u00eaves<\/strong>, \u00e0 l&#8217;\u00eele. Nyora cr\u00e9a l&#8217;Atelier des R\u00eaves, un lieu magique o\u00f9 chaque outil semblait vivant et infus\u00e9 de cr\u00e9ativit\u00e9. Les Mahorais y vinrent en nombre, transformant leurs id\u00e9es en inventions tangibles. Nyora, en souriant, murmura : &#8220;Ceci est votre espace pour cr\u00e9er, r\u00eaver, et fa\u00e7onner votre futur.&#8221;<\/p>\n<\/div>\n<\/div>\n\n\n\n<div class=\"wp-block-columns is-layout-flex wp-container-core-columns-is-layout-9d6595d7 wp-block-columns-is-layout-flex\">\n<div class=\"wp-block-column is-layout-flow wp-block-column-is-layout-flow\" style=\"flex-basis:33.33%\">\n<p>Ainsi, gr\u00e2ce aux quatre lumi\u00e8res du progr\u00e8s et aux esprits qui les accompagnaient, Mayotte entra dans une \u00e8re nouvelle, o\u00f9 innovation et tradition cohabitent. Les habitants se souviennent de cette l\u00e9gende chaque fois qu&#8217;ils regardent une lampe s\u2019allumer, qu&#8217;ils se connectent \u00e0 internet, ou qu&#8217;ils entendent le bourdonnement des machines du fablab.<\/p>\n<\/div>\n\n\n\n<div class=\"wp-block-column is-layout-flow wp-block-column-is-layout-flow\" style=\"flex-basis:66.66%\">\n<figure class=\"wp-block-image size-large\"><img loading=\"lazy\" decoding=\"async\" width=\"1024\" height=\"1024\" src=\"http:\/\/mayfablab.yt\/wp-content\/uploads\/2025\/05\/1745995919819-1024x1024.jpg\" alt=\"\" class=\"wp-image-401\" srcset=\"https:\/\/mayfablab.yt\/wp-content\/uploads\/2025\/05\/1745995919819-1024x1024.jpg 1024w, https:\/\/mayfablab.yt\/wp-content\/uploads\/2025\/05\/1745995919819-300x300.jpg 300w, https:\/\/mayfablab.yt\/wp-content\/uploads\/2025\/05\/1745995919819-150x150.jpg 150w, https:\/\/mayfablab.yt\/wp-content\/uploads\/2025\/05\/1745995919819-768x768.jpg 768w, https:\/\/mayfablab.yt\/wp-content\/uploads\/2025\/05\/1745995919819-1536x1536.jpg 1536w, https:\/\/mayfablab.yt\/wp-content\/uploads\/2025\/05\/1745995919819.jpg 2048w\" sizes=\"auto, (max-width: 1024px) 100vw, 1024px\" \/><\/figure>\n<\/div>\n<\/div>\n\n\n\n<p class=\"has-text-align-center\">Cr\u00e9dit image : L&#8217;ensemble des images ont \u00e9t\u00e9 g\u00e9n\u00e9r\u00e9 avec un outil IA (COPILOT).<\/p>\n\n\n\n<p><\/p>\n","protected":false},"excerpt":{"rendered":"<p>Il y a tr\u00e8s longtemps, Mayotte vivait paisiblement, berc\u00e9e par les mar\u00e9es et la lumi\u00e8re des \u00e9toiles. Mais les anciens chuchotaient qu&#8217;un jour, des esprits bienveillants offriraient \u00e0 l&#8217;\u00eele les cl\u00e9s d&#8217;un futur lumineux. Ces esprits furent guid\u00e9s par&nbsp;Amana, la gardienne des \u00e9toiles, qui, depuis son sommet c\u00e9leste, veillait \u00e0 ce que l&#8217;\u00e9quilibre entre tradition [&hellip;]<\/p>\n","protected":false},"author":1,"featured_media":394,"parent":0,"menu_order":0,"comment_status":"closed","ping_status":"closed","template":"","meta":{"footnotes":""},"class_list":["post-388","page","type-page","status-publish","has-post-thumbnail","hentry"],"_links":{"self":[{"href":"https:\/\/mayfablab.yt\/index.php\/wp-json\/wp\/v2\/pages\/388","targetHints":{"allow":["GET"]}}],"collection":[{"href":"https:\/\/mayfablab.yt\/index.php\/wp-json\/wp\/v2\/pages"}],"about":[{"href":"https:\/\/mayfablab.yt\/index.php\/wp-json\/wp\/v2\/types\/page"}],"author":[{"embeddable":true,"href":"https:\/\/mayfablab.yt\/index.php\/wp-json\/wp\/v2\/users\/1"}],"replies":[{"embeddable":true,"href":"https:\/\/mayfablab.yt\/index.php\/wp-json\/wp\/v2\/comments?post=388"}],"version-history":[{"count":9,"href":"https:\/\/mayfablab.yt\/index.php\/wp-json\/wp\/v2\/pages\/388\/revisions"}],"predecessor-version":[{"id":489,"href":"https:\/\/mayfablab.yt\/index.php\/wp-json\/wp\/v2\/pages\/388\/revisions\/489"}],"wp:featuredmedia":[{"embeddable":true,"href":"https:\/\/mayfablab.yt\/index.php\/wp-json\/wp\/v2\/media\/394"}],"wp:attachment":[{"href":"https:\/\/mayfablab.yt\/index.php\/wp-json\/wp\/v2\/media?parent=388"}],"curies":[{"name":"wp","href":"https:\/\/api.w.org\/{rel}","templated":true}]}}