{"id":338,"date":"2019-01-28T16:53:30","date_gmt":"2019-01-28T16:53:30","guid":{"rendered":"http:\/\/adi.extendstudio.net\/site-28jan19-1852\/index.php\/colibriwp\/"},"modified":"2026-02-06T07:45:05","modified_gmt":"2026-02-06T06:45:05","slug":"colibriwp","status":"publish","type":"page","link":"https:\/\/mayfablab.yt\/","title":{"rendered":"Front Page"},"content":{"rendered":"<div data-colibri-id=\"338-c1\" class=\"style-311 style-local-338-c1 position-relative\">\n  <!---->\n  <div data-colibri-component=\"section\" data-colibri-id=\"338-c2\" id=\"contact\" class=\"h-section h-section-global-spacing d-flex align-items-lg-center align-items-md-center align-items-center style-424 style-local-338-c2 position-relative\">\n    <div class=\"background-wrapper\">\n      <div class=\"background-layer background-layer-media-container-lg\">\n        <!---->\n        <div class=\"overlay-layer\">\n          <div class=\"overlay-image-layer\" style=\"background-color: rgb(0, 0, 0); opacity: 0.5;\"><\/div>\n        <\/div>\n      <\/div>\n      <div class=\"background-layer background-layer-media-container-md\">\n        <!---->\n        <div class=\"overlay-layer\">\n          <div class=\"overlay-image-layer\" style=\"background-color: rgb(0, 0, 0); opacity: 0.5;\"><\/div>\n        <\/div>\n      <\/div>\n      <div class=\"background-layer background-layer-media-container\">\n        <!---->\n        <div class=\"overlay-layer\">\n          <div class=\"overlay-image-layer\" style=\"background-color: rgb(0, 0, 0); opacity: 0.5;\"><\/div>\n        <\/div>\n      <\/div>\n    <\/div>\n    <!---->\n    <div class=\"h-section-grid-container h-section-boxed-container\">\n      <div data-colibri-id=\"338-c11\" class=\"h-row-container gutters-row-lg-2 gutters-row-md-2 gutters-row-0 gutters-row-v-lg-2 gutters-row-v-md-2 gutters-row-v-2 style-435 style-local-338-c11 position-relative\">\n        <!---->\n        <div class=\"h-row justify-content-lg-center justify-content-md-center justify-content-center align-items-lg-stretch align-items-md-stretch align-items-stretch gutters-col-lg-2 gutters-col-md-2 gutters-col-0 gutters-col-v-lg-2 gutters-col-v-md-2 gutters-col-v-2\">\n          <!---->\n          <div class=\"h-column h-column-container d-flex h-col-lg-auto h-col-md-auto h-col-auto style-436-outer style-local-338-c12-outer\">\n            <div data-colibri-id=\"338-c12\" class=\"d-flex h-flex-basis h-column__inner h-px-lg-2 h-px-md-2 h-px-2 v-inner-lg-2 v-inner-md-2 v-inner-2 style-436 style-local-338-c12 position-relative\">\n              <!---->\n              <!---->\n              <div class=\"w-100 h-y-container h-column__content h-column__v-align flex-basis-100 align-self-lg-start align-self-md-start align-self-start\">\n                <!---->\n                <div data-colibri-id=\"338-c14\" class=\"h-text h-text-component style-438 style-local-338-c14 position-relative h-element\">\n                  <!---->\n                  <!---->\n                  <div class=\"\">\n                    <p>Bienvenue au MAY FABLAB, l&#8217;espace o\u00f9 vos id\u00e9es prennent forme. Situ\u00e9 au c\u0153ur du Coll\u00e8ge de l&#8217;\u00eele aux parfums \u00e0 M&#8217;tsangamouji, notre laboratoire de fabrication num\u00e9rique ouvre les portes de l&#8217;innovation \u00e0 tous.<\/p>\n                    <p>Que vous soyez \u00e9l\u00e8ve curieux, enseignant ambitieux ou cr\u00e9ateur passionn\u00e9, venez r\u00eaver, cr\u00e9er et fa\u00e7onner votre futur avec nous.<\/p>\n                    <p>\n                      <br>\n                    <\/p>\n                    <p><em>Rejoignez-nous pour fa\u00e7onner le futur, un projet \u00e0 la fois !<\/em><\/p>\n                  <\/div>\n                <\/div>\n              <\/div>\n            <\/div>\n          <\/div>\n        <\/div>\n      <\/div>\n      <div data-colibri-id=\"338-c3\" class=\"h-row-container gutters-row-lg-2 gutters-row-md-2 gutters-row-2 gutters-row-v-lg-2 gutters-row-v-md-2 gutters-row-v-2 style-425 style-local-338-c3 position-relative\">\n        <!---->\n        <div class=\"h-row justify-content-lg-center justify-content-md-center justify-content-center align-items-lg-stretch align-items-md-stretch align-items-stretch gutters-col-lg-2 gutters-col-md-2 gutters-col-2 gutters-col-v-lg-2 gutters-col-v-md-2 gutters-col-v-2\">\n          <!---->\n          <div class=\"h-column h-column-container d-flex h-col-lg-auto h-col-md-auto h-col-auto style-426-outer style-local-338-c4-outer\">\n            <div data-colibri-id=\"338-c4\" class=\"d-flex h-flex-basis h-column__inner h-ui-empty-state-container h-px-lg-0 h-px-md-0 h-px-0 v-inner-lg-0 v-inner-md-0 v-inner-0 style-426 style-local-338-c4 position-relative\">\n              <!---->\n              <!---->\n              <div class=\"w-100 h-y-container h-column__content h-column__v-align flex-basis-100\">\n                <!---->\n              <\/div>\n            <\/div>\n          <\/div>\n        <\/div>\n      <\/div>\n    <\/div>\n  <\/div>\n<\/div>","protected":false},"excerpt":{"rendered":"<p>Bienvenue au MAY FABLAB, l&#8217;espace o\u00f9 vos id\u00e9es prennent forme. Situ\u00e9 au c\u0153ur du Coll\u00e8ge de l&#8217;\u00eele aux parfums \u00e0 M&#8217;tsangamouji, notre laboratoire de fabrication num\u00e9rique ouvre les portes de l&#8217;innovation \u00e0 tous. Que vous soyez \u00e9l\u00e8ve curieux, enseignant ambitieux ou cr\u00e9ateur passionn\u00e9, venez r\u00eaver, cr\u00e9er et fa\u00e7onner votre futur avec nous. Rejoignez-nous pour fa\u00e7onner [&hellip;]<\/p>\n","protected":false},"author":1,"featured_media":0,"parent":0,"menu_order":0,"comment_status":"closed","ping_status":"closed","template":"page-templates\/full-width-page.php","meta":{"footnotes":""},"class_list":["post-338","page","type-page","status-publish","hentry"],"_links":{"self":[{"href":"https:\/\/mayfablab.yt\/index.php\/wp-json\/wp\/v2\/pages\/338","targetHints":{"allow":["GET"]}}],"collection":[{"href":"https:\/\/mayfablab.yt\/index.php\/wp-json\/wp\/v2\/pages"}],"about":[{"href":"https:\/\/mayfablab.yt\/index.php\/wp-json\/wp\/v2\/types\/page"}],"author":[{"embeddable":true,"href":"https:\/\/mayfablab.yt\/index.php\/wp-json\/wp\/v2\/users\/1"}],"replies":[{"embeddable":true,"href":"https:\/\/mayfablab.yt\/index.php\/wp-json\/wp\/v2\/comments?post=338"}],"version-history":[{"count":13,"href":"https:\/\/mayfablab.yt\/index.php\/wp-json\/wp\/v2\/pages\/338\/revisions"}],"predecessor-version":[{"id":499,"href":"https:\/\/mayfablab.yt\/index.php\/wp-json\/wp\/v2\/pages\/338\/revisions\/499"}],"wp:attachment":[{"href":"https:\/\/mayfablab.yt\/index.php\/wp-json\/wp\/v2\/media?parent=338"}],"curies":[{"name":"wp","href":"https:\/\/api.w.org\/{rel}","templated":true}]}}